{"id":4584,"date":"2021-03-29T21:31:43","date_gmt":"2021-03-29T21:31:43","guid":{"rendered":"https:\/\/clubetenisgaia.com\/staging\/9777\/?page_id=4584"},"modified":"2021-04-02T19:17:28","modified_gmt":"2021-04-02T19:17:28","slug":"politica-de-privacidade","status":"publish","type":"page","link":"https:\/\/clubetenisgaia.com\/staging\/9777\/politica-de-privacidade\/","title":{"rendered":"Pol\u00edtica de Privacidade"},"content":{"rendered":"<body>\t\t<div data-elementor-type=\"wp-page\" data-elementor-id=\"4584\" class=\"elementor elementor-4584\" data-elementor-post-type=\"page\">\n\t\t\t\t\t\t<header class=\"elementor-section elementor-top-section elementor-element elementor-element-516f57ef elementor-section-full_width elementor-section-height-min-height elementor-section-content-middle elementor-section-height-default elementor-section-items-middle\" data-id=\"516f57ef\" data-element_type=\"section\">\n\t\t\t\t\t\t<div class=\"elementor-container elementor-column-gap-no\">\n\t\t\t\t\t<div class=\"elementor-column elementor-col-100 elementor-top-column elementor-element elementor-element-fb47a4b\" data-id=\"fb47a4b\" data-element_type=\"column\">\n\t\t\t<div class=\"elementor-widget-wrap elementor-element-populated\">\n\t\t\t\t\t\t<div class=\"elementor-element elementor-element-3999f89f elementor-widget__width-auto elementor-mobile-align-right elementor-widget elementor-widget-button\" data-id=\"3999f89f\" data-element_type=\"widget\" data-widget_type=\"button.default\">\n\t\t\t\t<div class=\"elementor-widget-container\">\n\t\t\t\t\t\t\t\t\t<div class=\"elementor-button-wrapper\">\n\t\t\t\t\t<a class=\"elementor-button elementor-button-link elementor-size-sm\" href=\"#\">\n\t\t\t\t\t\t<span class=\"elementor-button-content-wrapper\">\n\t\t\t\t\t\t<span class=\"elementor-button-icon\">\n\t\t\t\t<i aria-hidden=\"true\" class=\"fas fa-home\"><\/i>\t\t\t<\/span>\n\t\t\t\t\t\t\t\t\t<span class=\"elementor-button-text\">Voltar ao In\u00edcio<\/span>\n\t\t\t\t\t<\/span>\n\t\t\t\t\t<\/a>\n\t\t\t\t<\/div>\n\t\t\t\t\t\t\t\t<\/div>\n\t\t\t\t<\/div>\n\t\t\t\t\t<\/div>\n\t\t<\/div>\n\t\t\t\t\t<\/div>\n\t\t<\/header>\n\t\t\t\t<section class=\"elementor-section elementor-top-section elementor-element elementor-element-2cf8d87 elementor-section-height-min-height elementor-section-boxed elementor-section-height-default elementor-section-items-middle\" data-id=\"2cf8d87\" data-element_type=\"section\" data-settings='{\"background_background\":\"classic\"}'>\n\t\t\t\t\t\t<div class=\"elementor-container elementor-column-gap-default\">\n\t\t\t\t\t<div class=\"elementor-column elementor-col-100 elementor-top-column elementor-element elementor-element-2a496db\" data-id=\"2a496db\" data-element_type=\"column\">\n\t\t\t<div class=\"elementor-widget-wrap elementor-element-populated\">\n\t\t\t\t\t\t<div class=\"elementor-element elementor-element-7c1bc58 elementor-widget elementor-widget-heading\" data-id=\"7c1bc58\" data-element_type=\"widget\" data-widget_type=\"heading.default\">\n\t\t\t\t<div class=\"elementor-widget-container\">\n\t\t\t\t\t<h2 class=\"elementor-heading-title elementor-size-default\">Pol\u00edtica de Privacidade<\/h2>\t\t\t\t<\/div>\n\t\t\t\t<\/div>\n\t\t\t\t\t<\/div>\n\t\t<\/div>\n\t\t\t\t\t<\/div>\n\t\t<\/section>\n\t\t\t\t<section class=\"elementor-section elementor-top-section elementor-element elementor-element-c8580be elementor-section-boxed elementor-section-height-default elementor-section-height-default\" data-id=\"c8580be\" data-element_type=\"section\">\n\t\t\t\t\t\t<div class=\"elementor-container elementor-column-gap-default\">\n\t\t\t\t\t<div class=\"elementor-column elementor-col-100 elementor-top-column elementor-element elementor-element-e42c8aa\" data-id=\"e42c8aa\" data-element_type=\"column\">\n\t\t\t<div class=\"elementor-widget-wrap\">\n\t\t\t\t\t\t\t<\/div>\n\t\t<\/div>\n\t\t\t\t\t<\/div>\n\t\t<\/section>\n\t\t\t\t<section class=\"elementor-section elementor-top-section elementor-element elementor-element-ab528ce elementor-section-boxed elementor-section-height-default elementor-section-height-default\" data-id=\"ab528ce\" data-element_type=\"section\">\n\t\t\t\t\t\t<div class=\"elementor-container elementor-column-gap-default\">\n\t\t\t\t\t<div class=\"elementor-column elementor-col-100 elementor-top-column elementor-element elementor-element-b34061f\" data-id=\"b34061f\" data-element_type=\"column\">\n\t\t\t<div class=\"elementor-widget-wrap elementor-element-populated\">\n\t\t\t\t\t\t<div class=\"elementor-element elementor-element-3608f03 elementor-widget elementor-widget-text-editor\" data-id=\"3608f03\" data-element_type=\"widget\" data-widget_type=\"text-editor.default\">\n\t\t\t\t<div class=\"elementor-widget-container\">\n\t\t\t\t\t\t\t\t\t<p>TERMOS E CONDI\u00c7\u00d5ES<\/p><p><b>Pol\u00edtica de Privacidade<\/b><\/p><p>Esta Pol\u00edtica de Privacidade estabelece o compromisso do\u00a0Clube T\u00e9nis Gaia\u00a0com os seus clientes ou visitantes quanto \u00e0 prote\u00e7\u00e3o de dados pessoais, informando o tratamento que realiza com os seus dados, assim como os direitos que lhes reconhece enquanto titulares dos dados, no cumprimento do Regulamento (UE) 2016\/679 (Regulamento Geral sobre a Prote\u00e7\u00e3o de Dados \u2013 RGPD) e da legisla\u00e7\u00e3o de prote\u00e7\u00e3o de dados aplic\u00e1vel.<\/p><p>A Pol\u00edtica de Privacidade aplica-se exclusivamente ao tratamento de dados pessoais efetuados pelo\u00a0Clube T\u00e9nis Gaia\u00a0no contexto das finalidades aqui previstas, nas quais se considera dado pessoal a informac\u0327a\u0303o relativa a uma pessoa singular, de qualquer natureza e independente do respetivo suporte, que identifique ou permita identificar essa pessoa.<\/p><p>A utiliza\u00e7\u00e3o deste site implica a aceita\u00e7\u00e3o desta Pol\u00edtica de Privacidade.<\/p><ol><li><b> Respons\u00e1vel pelo tratamento dos dados pessoais<\/b><\/li><\/ol><p>O\u00a0Clube T\u00e9nis Gaia\u00a0e\u0301 a entidade responsa\u0301vel pelo tratamento dos dados pessoais dos seus clientes ou visitantes deste site. Para d\u00favidas relativas aos seus dados pessoais, pode contatar-nos pelos seguintes meios:<\/p><p>Rua Est\u00e1dio de Canelas, 4410-426 Canelas<\/p><p>Telefone: +351\u00a0910\u00a0838 355<\/p><p>Email:\u00a0protecaodados.clubetenisgaia@gmail.com<\/p><ol start=\"2\"><li><b> Forma de recolha dos dados pessoais<\/b><\/li><\/ol><p>Os seus dados pessoais s\u00e3o recolhidos atrav\u00e9s de formul\u00e1rios neste site, sejam de contato, de registo ou de compra, cujo preenchimento \u00e9 volunt\u00e1rio.<\/p><ol start=\"3\"><li><b> Dados pessoais recolhidos<\/b><\/li><\/ol><p>O Clube T\u00e9nis Gaia\u00a0pode recolher v\u00e1rios dados pessoais consoante a finalidade, tais como nome, email, telefone e morada para envio de produtos ou presta\u00e7\u00e3o de servi\u00e7os, e o n\u00famero de identifica\u00e7\u00e3o fiscal para a emiss\u00e3o de faturas.<\/p><p>Este site utiliza tamb\u00e9m cookies, descritos em detalhe mais abaixo.<\/p><ol start=\"4\"><li><b> Finalidade dos dados pessoais<\/b><\/li><\/ol><p>Al\u00e9m das finalidades acima descritas, os dados recolhidos destinam-se, de uma forma geral, a\u0300 gesta\u0303o da relac\u0327a\u0303o comercial, a\u0300 adequac\u0327a\u0303o dos nossos produtos ou servi\u00e7os a\u0300s suas necessidades e interesses, e ao envio de novidades comerciais ou de outro teor que possa interessar-lhe.<\/p><ol start=\"5\"><li><b> Seguran\u00e7a dos dados pessoais<\/b><\/li><\/ol><p>O\u00a0Clube T\u00e9nis Gaia\u00a0compromete-se a tratar apenas os dados pessoais que sejam estritamente necess\u00e1rios \u00e0 execu\u00e7\u00e3o das finalidades acima descritas, e envidar\u00e1 todos os esfor\u00e7os para garantir a seguran\u00e7a e a prote\u00e7\u00e3o dos dados pessoais, incluindo medidas administrativas e t\u00e9cnicas para impedir o acesso aos seus dados, a sua utiliza\u00e7\u00e3o indevida, ou a sua divulga\u00e7\u00e3o n\u00e3o autorizada.<\/p><ol start=\"6\"><li><b> Tempo de conserva\u00e7\u00e3o dos dados pessoais<\/b><\/li><\/ol><p>Para a comercializac\u0327a\u0303o de produtos e servi\u00e7os, os seus dados pessoais ser\u00e3o conservados ate\u0301 que seja retirado o consentimento, dentro dos limites legais.<\/p><p>Para outras finalidades, o\u00a0Clube T\u00e9nis Gaia\u00a0conservar\u00e1 os seus dados pessoais durante o peri\u0301odo necessa\u0301rio para cumprir a finalidade para a qual tiverem sido recolhidos, ap\u00f3s o qual os seus dados pessoais sera\u0303o eliminados.<\/p><p>Poder\u00e3o existir requisitos legais ou fiscais que obriguem a conservar certos dados pessoais por algum peri\u0301odo de tempo. Nesses casos, tratando-se de uma obriga\u00e7\u00e3o legal ou fiscal, o\u00a0Clube T\u00e9nis Gaia\u00a0tera\u0301 de respeitar esse peri\u0301odo mi\u0301nimo de conservac\u0327a\u0303o.<\/p><p>Terminado o prazo m\u00e1ximo de conserva\u00e7\u00e3o, o\u00a0Clube T\u00e9nis Gaia\u00a0compromete-se a eliminar, destruir ou anonimizar os seus dados pessoais.<\/p><ol start=\"7\"><li><b> Partilha dos dados pessoais<\/b><\/li><\/ol><p>No\u00a0Clube T\u00e9nis Gaia, te\u0302m acesso aos seus dados pessoais os colaboradores que deles necessitam para cumprir as dilig\u00eancias comerciais ou legais necess\u00e1rias.<\/p><p>Caso os dados pessoais sejam tratados por outras entidades para assegurar a presta\u00e7\u00e3o do servi\u00e7o, o\u00a0Clube T\u00e9nis Gaia\u00a0exigir\u00e1 a tais entidades o mesmo n\u00edvel de privacidade e seguran\u00e7a quanto aos seus dados pessoais.<\/p><p>Para o estrito cumprimento de obrigac\u0327o\u0303es legais ou fiscais, os seus dados pessoais podera\u0303o ser transmitidos a outras entidades, por exemplo tribunais ou organismos pu\u0301blicos.<\/p><p>O\u00a0Clube T\u00e9nis Gaia\u00a0n\u00e3o partilha, em caso algum, os seus dados pessoais com outras empresas ou marcas para outros fins comerciais.<\/p><ol start=\"8\"><li><b> Consentimento dos dados pessoais<\/b><\/li><\/ol><p>Nos termos da lei, e\u0301 garantido ao titular dos dados o direito de acesso, retificac\u0327a\u0303o, limitac\u0327a\u0303o ou oposic\u0327a\u0303o ao tratamento, portabilidade ou esquecimento dos seus dados pessoais. O exerci\u0301cio destes direitos podera\u0301 estar sujeito a limitac\u0327o\u0303es previstas nos termos da lei.<\/p><p>Para exercer qualquer um destes direitos, basta enviar-nos o seu pedido atrav\u00e9s do email:\u00a0protecaodados.clubetenisgaia@gmail.com<\/p><p>O\u00a0Clube T\u00e9nis Gaia\u00a0analisar\u00e1 cuidadosamente o seu pedido, comprometendo-se a dar resposta em tempo oportuno.<\/p><ol start=\"9\"><li><b> Autoridade competente<\/b><\/li><\/ol><p>Ter\u00e1 tamb\u00e9m sempre o direito de apresentar reclamac\u0327a\u0303o junto da autoridade competente:<\/p><p>Comissa\u0303o Nacional de Protec\u0327a\u0303o de Dados \u2013 CNPD \u2013 http:\/\/www.cnpd.pt .<\/p><ol start=\"10\"><li><b> Cookies<\/b><\/li><\/ol><p>Cookies s\u00e3o pequenos ficheiros ou pacotes de dados trocados entre o site e o seu browser (navegador). Este site pode usar v\u00e1rios tipos de cookies:<\/p><p>Cookies de sess\u00e3o: s\u00e3o cookies tempor\u00e1rios, que n\u00e3o ficam guardados no computador ap\u00f3s sair do site, e que servem para analisar padr\u00f5es de tr\u00e1fego, permitindo-nos melhorar o conte\u00fado e a usabilidade do site.<\/p><p>Cookies anal\u00edticos: s\u00e3o utilizados anonimamente para efeitos estat\u00edsticos, sendo tratados por n\u00f3s ou por terceiros, com o objetivo de analisar padr\u00f5es de navega\u00e7\u00e3o no site, e melhorar o fornecimento de produtos ou servi\u00e7os.<\/p><p>Cookies funcionais: guardam prefer\u00eancias do utilizador relativamente \u00e0 utiliza\u00e7\u00e3o do site.<\/p><p>Cookies publicit\u00e1rios: direcionam a publicidade em fun\u00e7\u00e3o dos interesses do utilizador, ajudando a medir a sua efic\u00e1cia, evitando a exibi\u00e7\u00e3o de an\u00fancios duplicados, etc.<\/p><ol start=\"11\"><li><b> Gest\u00e3o de cookies<\/b><\/li><\/ol><p>Os browsers (navegadores) permitem ao utilizador aceitar, recusar ou apagar cookies atrav\u00e9s das suas defini\u00e7\u00f5es avan\u00e7adas. \u00c9 geralmente poss\u00edvel geri-las no menu \u201cOp\u00e7\u00f5es\u201d ou \u201cPrefer\u00eancias\u201d.<br>Tenha em conta que ao desativar os cookies pode impedir que algumas p\u00e1ginas ou servi\u00e7os do site funcionem corretamente.<\/p><ol start=\"12\"><li><b> Atualiza\u00e7\u00e3o desta Pol\u00edtica de Privacidade<\/b><\/li><\/ol><p>A presente Pol\u00edtica de Privacidade pode ser revista e atualizada a qualquer altura, estando a \u00faltima vers\u00e3o sempre publicada no nosso site.<\/p><ol start=\"13\"><li><b> Reclama\u00e7\u00f5es<\/b><\/li><\/ol><p>O Clube T\u00e9nis Gaia disp\u00f5e de Livro de Reclama\u00e7\u00f5es.<\/p>\t\t\t\t\t\t\t\t<\/div>\n\t\t\t\t<\/div>\n\t\t\t\t\t<\/div>\n\t\t<\/div>\n\t\t\t\t\t<\/div>\n\t\t<\/section>\n\t\t\t\t<section class=\"elementor-section elementor-top-section elementor-element elementor-element-6ab01c8 elementor-section-height-min-height elementor-section-content-middle elementor-section-boxed elementor-section-height-default elementor-section-items-middle\" data-id=\"6ab01c8\" data-element_type=\"section\" data-settings='{\"background_background\":\"classic\"}'>\n\t\t\t\t\t\t<div class=\"elementor-container elementor-column-gap-default\">\n\t\t\t\t\t<div class=\"elementor-column elementor-col-100 elementor-top-column elementor-element elementor-element-214a2b5\" data-id=\"214a2b5\" data-element_type=\"column\">\n\t\t\t<div class=\"elementor-widget-wrap elementor-element-populated\">\n\t\t\t\t\t\t<div class=\"elementor-element elementor-element-735a86b elementor-widget__width-initial elementor-hidden-phone elementor-widget elementor-widget-heading\" data-id=\"735a86b\" data-element_type=\"widget\" data-widget_type=\"heading.default\">\n\t\t\t\t<div class=\"elementor-widget-container\">\n\t\t\t\t\t<h2 class=\"elementor-heading-title elementor-size-default\">+351 910 838 355<\/h2>\t\t\t\t<\/div>\n\t\t\t\t<\/div>\n\t\t\t\t<div class=\"elementor-element elementor-element-ca2d6fb elementor-shape-circle e-grid-align-left e-grid-align-mobile-center elementor-grid-mobile-4 e-grid-align-tablet-right elementor-widget__width-initial elementor-widget-mobile__width-inherit elementor-grid-0 elementor-widget elementor-widget-social-icons\" data-id=\"ca2d6fb\" data-element_type=\"widget\" data-widget_type=\"social-icons.default\">\n\t\t\t\t<div class=\"elementor-widget-container\">\n\t\t\t\t\t\t\t<div class=\"elementor-social-icons-wrapper elementor-grid\" role=\"list\">\n\t\t\t\t\t\t\t<span class=\"elementor-grid-item\" role=\"listitem\">\n\t\t\t\t\t<a class=\"elementor-icon elementor-social-icon elementor-social-icon-phone elementor-animation-grow elementor-repeater-item-9f093e7\" href=\"tel:910838355\">\n\t\t\t\t\t\t<span class=\"elementor-screen-only\">Phone<\/span>\n\t\t\t\t\t\t<i class=\"fas fa-phone\"><\/i>\t\t\t\t\t<\/a>\n\t\t\t\t<\/span>\n\t\t\t\t\t\t\t<span class=\"elementor-grid-item\" role=\"listitem\">\n\t\t\t\t\t<a class=\"elementor-icon elementor-social-icon elementor-social-icon-whatsapp elementor-animation-grow elementor-repeater-item-e8008c1\" href=\"https:\/\/api.whatsapp.com\/send?phone=+351910838355\" target=\"_blank\">\n\t\t\t\t\t\t<span class=\"elementor-screen-only\">Whatsapp<\/span>\n\t\t\t\t\t\t<i class=\"fab fa-whatsapp\"><\/i>\t\t\t\t\t<\/a>\n\t\t\t\t<\/span>\n\t\t\t\t\t\t\t<span class=\"elementor-grid-item\" role=\"listitem\">\n\t\t\t\t\t<a class=\"elementor-icon elementor-social-icon elementor-social-icon-facebook-f elementor-animation-grow elementor-repeater-item-2d0da0c\" href=\"https:\/\/pt-pt.facebook.com\/clubetenisgaia\/\" target=\"_blank\">\n\t\t\t\t\t\t<span class=\"elementor-screen-only\">Facebook-f<\/span>\n\t\t\t\t\t\t<i class=\"fab fa-facebook-f\"><\/i>\t\t\t\t\t<\/a>\n\t\t\t\t<\/span>\n\t\t\t\t\t\t\t<span class=\"elementor-grid-item\" role=\"listitem\">\n\t\t\t\t\t<a class=\"elementor-icon elementor-social-icon elementor-social-icon-instagram elementor-animation-grow elementor-repeater-item-914746e\" href=\"https:\/\/www.instagram.com\/clubetenisgaia\/\" target=\"_blank\">\n\t\t\t\t\t\t<span class=\"elementor-screen-only\">Instagram<\/span>\n\t\t\t\t\t\t<i class=\"fab fa-instagram\"><\/i>\t\t\t\t\t<\/a>\n\t\t\t\t<\/span>\n\t\t\t\t\t<\/div>\n\t\t\t\t\t\t<\/div>\n\t\t\t\t<\/div>\n\t\t\t\t\t<\/div>\n\t\t<\/div>\n\t\t\t\t\t<\/div>\n\t\t<\/section>\n\t\t\t\t<section class=\"elementor-section elementor-top-section elementor-element elementor-element-85c6fe6 elementor-section-height-min-height elementor-section-content-middle elementor-section-boxed elementor-section-height-default elementor-section-items-middle\" data-id=\"85c6fe6\" data-element_type=\"section\" data-settings='{\"background_background\":\"classic\"}'>\n\t\t\t\t\t\t<div class=\"elementor-container elementor-column-gap-default\">\n\t\t\t\t\t<div class=\"elementor-column elementor-col-100 elementor-top-column elementor-element elementor-element-80c8cfc\" data-id=\"80c8cfc\" data-element_type=\"column\">\n\t\t\t<div class=\"elementor-widget-wrap elementor-element-populated\">\n\t\t\t\t\t\t<div class=\"elementor-element elementor-element-c5ca209 elementor-widget elementor-widget-heading\" data-id=\"c5ca209\" data-element_type=\"widget\" data-widget_type=\"heading.default\">\n\t\t\t\t<div class=\"elementor-widget-container\">\n\t\t\t\t\t<p class=\"elementor-heading-title elementor-size-default\">Clube T\u00e9nis gaia \u00a92021 Todos os direitos reservados.<\/p>\t\t\t\t<\/div>\n\t\t\t\t<\/div>\n\t\t\t\t\t<\/div>\n\t\t<\/div>\n\t\t\t\t\t<\/div>\n\t\t<\/section>\n\t\t\t\t<\/div>\n\t\t<\/body>","protected":false},"excerpt":{"rendered":"<p>Voltar ao In\u00edcio Pol\u00edtica de Privacidade TERMOS E CONDI\u00c7\u00d5ES Pol\u00edtica de Privacidade Esta Pol\u00edtica de Privacidade estabelece o compromisso do\u00a0Clube T\u00e9nis Gaia\u00a0com os seus clientes ou visitantes quanto \u00e0 prote\u00e7\u00e3o de dados pessoais, informando o tratamento que realiza com os seus dados, assim como os direitos que lhes reconhece enquanto titulares dos dados, no cumprimento [&hellip;]<\/p>\n","protected":false},"author":2,"featured_media":0,"parent":0,"menu_order":0,"comment_status":"closed","ping_status":"closed","template":"elementor_canvas","meta":{"nf_dc_page":"","om_disable_all_campaigns":false,"_monsterinsights_skip_tracking":false,"_monsterinsights_sitenote_active":false,"_monsterinsights_sitenote_note":"","_monsterinsights_sitenote_category":0,"footnotes":""},"class_list":["post-4584","page","type-page","status-publish","hentry"],"_links":{"self":[{"href":"https:\/\/clubetenisgaia.com\/staging\/9777\/wp-json\/wp\/v2\/pages\/4584","targetHints":{"allow":["GET"]}}],"collection":[{"href":"https:\/\/clubetenisgaia.com\/staging\/9777\/wp-json\/wp\/v2\/pages"}],"about":[{"href":"https:\/\/clubetenisgaia.com\/staging\/9777\/wp-json\/wp\/v2\/types\/page"}],"author":[{"embeddable":true,"href":"https:\/\/clubetenisgaia.com\/staging\/9777\/wp-json\/wp\/v2\/users\/2"}],"replies":[{"embeddable":true,"href":"https:\/\/clubetenisgaia.com\/staging\/9777\/wp-json\/wp\/v2\/comments?post=4584"}],"version-history":[{"count":24,"href":"https:\/\/clubetenisgaia.com\/staging\/9777\/wp-json\/wp\/v2\/pages\/4584\/revisions"}],"predecessor-version":[{"id":5025,"href":"https:\/\/clubetenisgaia.com\/staging\/9777\/wp-json\/wp\/v2\/pages\/4584\/revisions\/5025"}],"wp:attachment":[{"href":"https:\/\/clubetenisgaia.com\/staging\/9777\/wp-json\/wp\/v2\/media?parent=4584"}],"curies":[{"name":"wp","href":"https:\/\/api.w.org\/{rel}","templated":true}]}}